{"id":5996,"date":"2018-11-12T13:33:03","date_gmt":"2018-11-12T12:33:03","guid":{"rendered":"https:\/\/www.peyrugue.com\/emplacements\/"},"modified":"2024-12-20T18:28:44","modified_gmt":"2024-12-20T17:28:44","slug":"camping-dordona-parcelas-para-tiendas","status":"publish","type":"page","link":"https:\/\/www.peyrugue.com\/es\/camping-dordona-parcelas-para-tiendas\/","title":{"rendered":"Parcelas de camping en la Dordo\u00f1a"},"content":{"rendered":"","protected":false},"excerpt":{"rendered":"","protected":false},"author":2,"featured_media":0,"parent":0,"menu_order":0,"comment_status":"closed","ping_status":"closed","template":"","meta":{"_acf_changed":false,"footnotes":""},"class_list":["post-5996","page","type-page","status-publish","hentry"],"acf":[],"yoast_head":"<!-- This site is optimized with the Yoast SEO plugin v26.7 - https:\/\/yoast.com\/wordpress\/plugins\/seo\/ -->\n<title>Camping en Dordo\u00f1a con parcelas para tiendas | La Peyrugue<\/title>\n<meta name=\"description\" content=\"Descubra nuestras parcelas de camping para tiendas en Dordo\u00f1a. Amplias parcelas en sotobosque, terraza o con vistas panor\u00e1micas. Camping La Peyrugue 3*\u00a1Reserve ahora!\" \/>\n<meta name=\"robots\" content=\"index, follow, max-snippet:-1, max-image-preview:large, max-video-preview:-1\" \/>\n<link rel=\"canonical\" href=\"https:\/\/www.peyrugue.com\/es\/camping-dordona-parcelas-para-tiendas\/\" \/>\n<meta property=\"og:locale\" content=\"es_ES\" \/>\n<meta property=\"og:type\" content=\"article\" \/>\n<meta property=\"og:title\" content=\"Camping en Dordo\u00f1a con parcelas para tiendas | La Peyrugue\" \/>\n<meta property=\"og:description\" content=\"Descubra nuestras parcelas de camping para tiendas en Dordo\u00f1a. Amplias parcelas en sotobosque, terraza o con vistas panor\u00e1micas. Camping La Peyrugue 3*\u00a1Reserve ahora!\" \/>\n<meta property=\"og:url\" content=\"https:\/\/www.peyrugue.com\/es\/camping-dordona-parcelas-para-tiendas\/\" \/>\n<meta property=\"og:site_name\" content=\"Camping La Peyrugue\" \/>\n<meta property=\"article:publisher\" content=\"https:\/\/www.facebook.com\/peyrugue\" \/>\n<meta property=\"article:modified_time\" content=\"2024-12-20T17:28:44+00:00\" \/>\n<meta name=\"twitter:card\" content=\"summary_large_image\" \/>\n<script type=\"application\/ld+json\" class=\"yoast-schema-graph\">{\"@context\":\"https:\/\/schema.org\",\"@graph\":[{\"@type\":\"WebPage\",\"@id\":\"https:\/\/www.peyrugue.com\/es\/camping-dordona-parcelas-para-tiendas\/\",\"url\":\"https:\/\/www.peyrugue.com\/es\/camping-dordona-parcelas-para-tiendas\/\",\"name\":\"Camping en Dordo\u00f1a con parcelas para tiendas | La Peyrugue\",\"isPartOf\":{\"@id\":\"https:\/\/www.peyrugue.com\/#website\"},\"datePublished\":\"2018-11-12T12:33:03+00:00\",\"dateModified\":\"2024-12-20T17:28:44+00:00\",\"description\":\"Descubra nuestras parcelas de camping para tiendas en Dordo\u00f1a. Amplias parcelas en sotobosque, terraza o con vistas panor\u00e1micas. Camping La Peyrugue 3*\u00a1Reserve ahora!\",\"breadcrumb\":{\"@id\":\"https:\/\/www.peyrugue.com\/es\/camping-dordona-parcelas-para-tiendas\/#breadcrumb\"},\"inLanguage\":\"es\",\"potentialAction\":[{\"@type\":\"ReadAction\",\"target\":[\"https:\/\/www.peyrugue.com\/es\/camping-dordona-parcelas-para-tiendas\/\"]}]},{\"@type\":\"BreadcrumbList\",\"@id\":\"https:\/\/www.peyrugue.com\/es\/camping-dordona-parcelas-para-tiendas\/#breadcrumb\",\"itemListElement\":[{\"@type\":\"ListItem\",\"position\":1,\"name\":\"Accueil\",\"item\":\"https:\/\/www.peyrugue.com\/es\/\"},{\"@type\":\"ListItem\",\"position\":2,\"name\":\"Parcelas de camping en la Dordo\u00f1a\"}]},{\"@type\":\"WebSite\",\"@id\":\"https:\/\/www.peyrugue.com\/#website\",\"url\":\"https:\/\/www.peyrugue.com\/\",\"name\":\"Camping La Peyrugue\",\"description\":\"Camping \u00e0 Daglan en Dordogne\",\"publisher\":{\"@id\":\"https:\/\/www.peyrugue.com\/#organization\"},\"potentialAction\":[{\"@type\":\"SearchAction\",\"target\":{\"@type\":\"EntryPoint\",\"urlTemplate\":\"https:\/\/www.peyrugue.com\/?s={search_term_string}\"},\"query-input\":{\"@type\":\"PropertyValueSpecification\",\"valueRequired\":true,\"valueName\":\"search_term_string\"}}],\"inLanguage\":\"es\"},{\"@type\":\"Organization\",\"@id\":\"https:\/\/www.peyrugue.com\/#organization\",\"name\":\"Camping La peyrugue\",\"url\":\"https:\/\/www.peyrugue.com\/\",\"logo\":{\"@type\":\"ImageObject\",\"inLanguage\":\"es\",\"@id\":\"https:\/\/www.peyrugue.com\/#\/schema\/logo\/image\/\",\"url\":\"https:\/\/www.peyrugue.com\/wp-content\/uploads\/2018\/12\/logo.png\",\"contentUrl\":\"https:\/\/www.peyrugue.com\/wp-content\/uploads\/2018\/12\/logo.png\",\"width\":300,\"height\":62,\"caption\":\"Camping La peyrugue\"},\"image\":{\"@id\":\"https:\/\/www.peyrugue.com\/#\/schema\/logo\/image\/\"},\"sameAs\":[\"https:\/\/www.facebook.com\/peyrugue\"]}]}<\/script>\n<!-- \/ Yoast SEO plugin. -->","yoast_head_json":{"title":"Camping en Dordo\u00f1a con parcelas para tiendas | La Peyrugue","description":"Descubra nuestras parcelas de camping para tiendas en Dordo\u00f1a. Amplias parcelas en sotobosque, terraza o con vistas panor\u00e1micas. Camping La Peyrugue 3*\u00a1Reserve ahora!","robots":{"index":"index","follow":"follow","max-snippet":"max-snippet:-1","max-image-preview":"max-image-preview:large","max-video-preview":"max-video-preview:-1"},"canonical":"https:\/\/www.peyrugue.com\/es\/camping-dordona-parcelas-para-tiendas\/","og_locale":"es_ES","og_type":"article","og_title":"Camping en Dordo\u00f1a con parcelas para tiendas | La Peyrugue","og_description":"Descubra nuestras parcelas de camping para tiendas en Dordo\u00f1a. Amplias parcelas en sotobosque, terraza o con vistas panor\u00e1micas. Camping La Peyrugue 3*\u00a1Reserve ahora!","og_url":"https:\/\/www.peyrugue.com\/es\/camping-dordona-parcelas-para-tiendas\/","og_site_name":"Camping La Peyrugue","article_publisher":"https:\/\/www.facebook.com\/peyrugue","article_modified_time":"2024-12-20T17:28:44+00:00","twitter_card":"summary_large_image","schema":{"@context":"https:\/\/schema.org","@graph":[{"@type":"WebPage","@id":"https:\/\/www.peyrugue.com\/es\/camping-dordona-parcelas-para-tiendas\/","url":"https:\/\/www.peyrugue.com\/es\/camping-dordona-parcelas-para-tiendas\/","name":"Camping en Dordo\u00f1a con parcelas para tiendas | La Peyrugue","isPartOf":{"@id":"https:\/\/www.peyrugue.com\/#website"},"datePublished":"2018-11-12T12:33:03+00:00","dateModified":"2024-12-20T17:28:44+00:00","description":"Descubra nuestras parcelas de camping para tiendas en Dordo\u00f1a. Amplias parcelas en sotobosque, terraza o con vistas panor\u00e1micas. Camping La Peyrugue 3*\u00a1Reserve ahora!","breadcrumb":{"@id":"https:\/\/www.peyrugue.com\/es\/camping-dordona-parcelas-para-tiendas\/#breadcrumb"},"inLanguage":"es","potentialAction":[{"@type":"ReadAction","target":["https:\/\/www.peyrugue.com\/es\/camping-dordona-parcelas-para-tiendas\/"]}]},{"@type":"BreadcrumbList","@id":"https:\/\/www.peyrugue.com\/es\/camping-dordona-parcelas-para-tiendas\/#breadcrumb","itemListElement":[{"@type":"ListItem","position":1,"name":"Accueil","item":"https:\/\/www.peyrugue.com\/es\/"},{"@type":"ListItem","position":2,"name":"Parcelas de camping en la Dordo\u00f1a"}]},{"@type":"WebSite","@id":"https:\/\/www.peyrugue.com\/#website","url":"https:\/\/www.peyrugue.com\/","name":"Camping La Peyrugue","description":"Camping \u00e0 Daglan en Dordogne","publisher":{"@id":"https:\/\/www.peyrugue.com\/#organization"},"potentialAction":[{"@type":"SearchAction","target":{"@type":"EntryPoint","urlTemplate":"https:\/\/www.peyrugue.com\/?s={search_term_string}"},"query-input":{"@type":"PropertyValueSpecification","valueRequired":true,"valueName":"search_term_string"}}],"inLanguage":"es"},{"@type":"Organization","@id":"https:\/\/www.peyrugue.com\/#organization","name":"Camping La peyrugue","url":"https:\/\/www.peyrugue.com\/","logo":{"@type":"ImageObject","inLanguage":"es","@id":"https:\/\/www.peyrugue.com\/#\/schema\/logo\/image\/","url":"https:\/\/www.peyrugue.com\/wp-content\/uploads\/2018\/12\/logo.png","contentUrl":"https:\/\/www.peyrugue.com\/wp-content\/uploads\/2018\/12\/logo.png","width":300,"height":62,"caption":"Camping La peyrugue"},"image":{"@id":"https:\/\/www.peyrugue.com\/#\/schema\/logo\/image\/"},"sameAs":["https:\/\/www.facebook.com\/peyrugue"]}]}},"_links":{"self":[{"href":"https:\/\/www.peyrugue.com\/es\/wp-json\/wp\/v2\/pages\/5996","targetHints":{"allow":["GET"]}}],"collection":[{"href":"https:\/\/www.peyrugue.com\/es\/wp-json\/wp\/v2\/pages"}],"about":[{"href":"https:\/\/www.peyrugue.com\/es\/wp-json\/wp\/v2\/types\/page"}],"author":[{"embeddable":true,"href":"https:\/\/www.peyrugue.com\/es\/wp-json\/wp\/v2\/users\/2"}],"replies":[{"embeddable":true,"href":"https:\/\/www.peyrugue.com\/es\/wp-json\/wp\/v2\/comments?post=5996"}],"version-history":[{"count":1,"href":"https:\/\/www.peyrugue.com\/es\/wp-json\/wp\/v2\/pages\/5996\/revisions"}],"predecessor-version":[{"id":8772,"href":"https:\/\/www.peyrugue.com\/es\/wp-json\/wp\/v2\/pages\/5996\/revisions\/8772"}],"wp:attachment":[{"href":"https:\/\/www.peyrugue.com\/es\/wp-json\/wp\/v2\/media?parent=5996"}],"curies":[{"name":"wp","href":"https:\/\/api.w.org\/{rel}","templated":true}]}}