{"id":5068,"date":"2020-02-28T21:33:15","date_gmt":"2020-02-28T20:33:15","guid":{"rendered":"https:\/\/www.peyrugue.com\/les-marches\/"},"modified":"2025-01-10T10:17:49","modified_gmt":"2025-01-10T09:17:49","slug":"les-marches","status":"publish","type":"page","link":"https:\/\/www.peyrugue.com\/en\/les-marches\/","title":{"rendered":"Les march\u00e9s de Dordogne"},"content":{"rendered":"","protected":false},"excerpt":{"rendered":"","protected":false},"author":3,"featured_media":0,"parent":0,"menu_order":0,"comment_status":"closed","ping_status":"closed","template":"","meta":{"_acf_changed":false,"footnotes":""},"class_list":["post-5068","page","type-page","status-publish","hentry"],"acf":[],"yoast_head":"<!-- This site is optimized with the Yoast SEO plugin v26.7 - https:\/\/yoast.com\/wordpress\/plugins\/seo\/ -->\n<title>Les march\u00e9s de Dordogne<\/title>\n<meta name=\"description\" content=\"Ne manquez pas les march\u00e9s gastronomiques P\u00e9rigourdins, les march\u00e9s noctures pour d\u00e9couvrir le savoir-faire des artisans, les produits r\u00e9gionaux de Dordogne.\" \/>\n<meta name=\"robots\" content=\"index, follow, max-snippet:-1, max-image-preview:large, max-video-preview:-1\" \/>\n<link rel=\"canonical\" href=\"https:\/\/www.peyrugue.com\/en\/les-marches\/\" \/>\n<meta property=\"og:locale\" content=\"en_US\" \/>\n<meta property=\"og:type\" content=\"article\" \/>\n<meta property=\"og:title\" content=\"Les march\u00e9s de Dordogne\" \/>\n<meta property=\"og:description\" content=\"Ne manquez pas les march\u00e9s gastronomiques P\u00e9rigourdins, les march\u00e9s noctures pour d\u00e9couvrir le savoir-faire des artisans, les produits r\u00e9gionaux de Dordogne.\" \/>\n<meta property=\"og:url\" content=\"https:\/\/www.peyrugue.com\/en\/les-marches\/\" \/>\n<meta property=\"og:site_name\" content=\"Camping La Peyrugue\" \/>\n<meta property=\"article:publisher\" content=\"https:\/\/www.facebook.com\/peyrugue\" \/>\n<meta property=\"article:modified_time\" content=\"2025-01-10T09:17:49+00:00\" \/>\n<meta name=\"twitter:card\" content=\"summary_large_image\" \/>\n<script type=\"application\/ld+json\" class=\"yoast-schema-graph\">{\"@context\":\"https:\/\/schema.org\",\"@graph\":[{\"@type\":\"WebPage\",\"@id\":\"https:\/\/www.peyrugue.com\/en\/les-marches\/\",\"url\":\"https:\/\/www.peyrugue.com\/en\/les-marches\/\",\"name\":\"Les march\u00e9s de Dordogne\",\"isPartOf\":{\"@id\":\"https:\/\/www.peyrugue.com\/#website\"},\"datePublished\":\"2020-02-28T20:33:15+00:00\",\"dateModified\":\"2025-01-10T09:17:49+00:00\",\"description\":\"Ne manquez pas les march\u00e9s gastronomiques P\u00e9rigourdins, les march\u00e9s noctures pour d\u00e9couvrir le savoir-faire des artisans, les produits r\u00e9gionaux de Dordogne.\",\"breadcrumb\":{\"@id\":\"https:\/\/www.peyrugue.com\/en\/les-marches\/#breadcrumb\"},\"inLanguage\":\"en\",\"potentialAction\":[{\"@type\":\"ReadAction\",\"target\":[\"https:\/\/www.peyrugue.com\/en\/les-marches\/\"]}]},{\"@type\":\"BreadcrumbList\",\"@id\":\"https:\/\/www.peyrugue.com\/en\/les-marches\/#breadcrumb\",\"itemListElement\":[{\"@type\":\"ListItem\",\"position\":1,\"name\":\"Accueil\",\"item\":\"https:\/\/www.peyrugue.com\/en\/\"},{\"@type\":\"ListItem\",\"position\":2,\"name\":\"Les march\u00e9s de Dordogne\"}]},{\"@type\":\"WebSite\",\"@id\":\"https:\/\/www.peyrugue.com\/#website\",\"url\":\"https:\/\/www.peyrugue.com\/\",\"name\":\"Camping La Peyrugue\",\"description\":\"Camping \u00e0 Daglan en Dordogne\",\"publisher\":{\"@id\":\"https:\/\/www.peyrugue.com\/#organization\"},\"potentialAction\":[{\"@type\":\"SearchAction\",\"target\":{\"@type\":\"EntryPoint\",\"urlTemplate\":\"https:\/\/www.peyrugue.com\/?s={search_term_string}\"},\"query-input\":{\"@type\":\"PropertyValueSpecification\",\"valueRequired\":true,\"valueName\":\"search_term_string\"}}],\"inLanguage\":\"en\"},{\"@type\":\"Organization\",\"@id\":\"https:\/\/www.peyrugue.com\/#organization\",\"name\":\"Camping La peyrugue\",\"url\":\"https:\/\/www.peyrugue.com\/\",\"logo\":{\"@type\":\"ImageObject\",\"inLanguage\":\"en\",\"@id\":\"https:\/\/www.peyrugue.com\/#\/schema\/logo\/image\/\",\"url\":\"https:\/\/www.peyrugue.com\/wp-content\/uploads\/2018\/12\/logo.png\",\"contentUrl\":\"https:\/\/www.peyrugue.com\/wp-content\/uploads\/2018\/12\/logo.png\",\"width\":300,\"height\":62,\"caption\":\"Camping La peyrugue\"},\"image\":{\"@id\":\"https:\/\/www.peyrugue.com\/#\/schema\/logo\/image\/\"},\"sameAs\":[\"https:\/\/www.facebook.com\/peyrugue\"]}]}<\/script>\n<!-- \/ Yoast SEO plugin. -->","yoast_head_json":{"title":"Les march\u00e9s de Dordogne","description":"Ne manquez pas les march\u00e9s gastronomiques P\u00e9rigourdins, les march\u00e9s noctures pour d\u00e9couvrir le savoir-faire des artisans, les produits r\u00e9gionaux de Dordogne.","robots":{"index":"index","follow":"follow","max-snippet":"max-snippet:-1","max-image-preview":"max-image-preview:large","max-video-preview":"max-video-preview:-1"},"canonical":"https:\/\/www.peyrugue.com\/en\/les-marches\/","og_locale":"en_US","og_type":"article","og_title":"Les march\u00e9s de Dordogne","og_description":"Ne manquez pas les march\u00e9s gastronomiques P\u00e9rigourdins, les march\u00e9s noctures pour d\u00e9couvrir le savoir-faire des artisans, les produits r\u00e9gionaux de Dordogne.","og_url":"https:\/\/www.peyrugue.com\/en\/les-marches\/","og_site_name":"Camping La Peyrugue","article_publisher":"https:\/\/www.facebook.com\/peyrugue","article_modified_time":"2025-01-10T09:17:49+00:00","twitter_card":"summary_large_image","schema":{"@context":"https:\/\/schema.org","@graph":[{"@type":"WebPage","@id":"https:\/\/www.peyrugue.com\/en\/les-marches\/","url":"https:\/\/www.peyrugue.com\/en\/les-marches\/","name":"Les march\u00e9s de Dordogne","isPartOf":{"@id":"https:\/\/www.peyrugue.com\/#website"},"datePublished":"2020-02-28T20:33:15+00:00","dateModified":"2025-01-10T09:17:49+00:00","description":"Ne manquez pas les march\u00e9s gastronomiques P\u00e9rigourdins, les march\u00e9s noctures pour d\u00e9couvrir le savoir-faire des artisans, les produits r\u00e9gionaux de Dordogne.","breadcrumb":{"@id":"https:\/\/www.peyrugue.com\/en\/les-marches\/#breadcrumb"},"inLanguage":"en","potentialAction":[{"@type":"ReadAction","target":["https:\/\/www.peyrugue.com\/en\/les-marches\/"]}]},{"@type":"BreadcrumbList","@id":"https:\/\/www.peyrugue.com\/en\/les-marches\/#breadcrumb","itemListElement":[{"@type":"ListItem","position":1,"name":"Accueil","item":"https:\/\/www.peyrugue.com\/en\/"},{"@type":"ListItem","position":2,"name":"Les march\u00e9s de Dordogne"}]},{"@type":"WebSite","@id":"https:\/\/www.peyrugue.com\/#website","url":"https:\/\/www.peyrugue.com\/","name":"Camping La Peyrugue","description":"Camping \u00e0 Daglan en Dordogne","publisher":{"@id":"https:\/\/www.peyrugue.com\/#organization"},"potentialAction":[{"@type":"SearchAction","target":{"@type":"EntryPoint","urlTemplate":"https:\/\/www.peyrugue.com\/?s={search_term_string}"},"query-input":{"@type":"PropertyValueSpecification","valueRequired":true,"valueName":"search_term_string"}}],"inLanguage":"en"},{"@type":"Organization","@id":"https:\/\/www.peyrugue.com\/#organization","name":"Camping La peyrugue","url":"https:\/\/www.peyrugue.com\/","logo":{"@type":"ImageObject","inLanguage":"en","@id":"https:\/\/www.peyrugue.com\/#\/schema\/logo\/image\/","url":"https:\/\/www.peyrugue.com\/wp-content\/uploads\/2018\/12\/logo.png","contentUrl":"https:\/\/www.peyrugue.com\/wp-content\/uploads\/2018\/12\/logo.png","width":300,"height":62,"caption":"Camping La peyrugue"},"image":{"@id":"https:\/\/www.peyrugue.com\/#\/schema\/logo\/image\/"},"sameAs":["https:\/\/www.facebook.com\/peyrugue"]}]}},"_links":{"self":[{"href":"https:\/\/www.peyrugue.com\/en\/wp-json\/wp\/v2\/pages\/5068","targetHints":{"allow":["GET"]}}],"collection":[{"href":"https:\/\/www.peyrugue.com\/en\/wp-json\/wp\/v2\/pages"}],"about":[{"href":"https:\/\/www.peyrugue.com\/en\/wp-json\/wp\/v2\/types\/page"}],"author":[{"embeddable":true,"href":"https:\/\/www.peyrugue.com\/en\/wp-json\/wp\/v2\/users\/3"}],"replies":[{"embeddable":true,"href":"https:\/\/www.peyrugue.com\/en\/wp-json\/wp\/v2\/comments?post=5068"}],"version-history":[{"count":1,"href":"https:\/\/www.peyrugue.com\/en\/wp-json\/wp\/v2\/pages\/5068\/revisions"}],"predecessor-version":[{"id":9233,"href":"https:\/\/www.peyrugue.com\/en\/wp-json\/wp\/v2\/pages\/5068\/revisions\/9233"}],"wp:attachment":[{"href":"https:\/\/www.peyrugue.com\/en\/wp-json\/wp\/v2\/media?parent=5068"}],"curies":[{"name":"wp","href":"https:\/\/api.w.org\/{rel}","templated":true}]}}